{"id":2,"date":"2012-12-01T14:55:36","date_gmt":"2012-12-01T14:55:36","guid":{"rendered":"http:\/\/www.barmichelle.com\/?page_id=2"},"modified":"2022-04-10T13:07:27","modified_gmt":"2022-04-10T13:07:27","slug":"sample-page","status":"publish","type":"page","link":"https:\/\/www.barmichelle.com\/","title":{"rendered":"Co u n\u00e1s najdete"},"content":{"rendered":"<p>Krom\u011b bohat\u00e9 nab\u00eddky j\u00eddel a mil\u00e9ho person\u00e1lu nab\u00edz\u00edme i velmi p\u011bkn\u00e9 prost\u0159ed\u00ed s mo\u017enost\u00ed uspo\u0159\u00e1d\u00e1n\u00ed spole\u010densk\u00e9 ud\u00e1losti nebo jenom posezen\u00ed s p\u0159\u00edteli.<br \/>\n\n\t\t<style type=\"text\/css\">\n\t\t\t#gallery-1 {\n\t\t\t\tmargin: auto;\n\t\t\t}\n\t\t\t#gallery-1 .gallery-item {\n\t\t\t\tfloat: left;\n\t\t\t\tmargin-top: 10px;\n\t\t\t\ttext-align: center;\n\t\t\t\twidth: 33%;\n\t\t\t}\n\t\t\t#gallery-1 img {\n\t\t\t\tborder: 2px solid #cfcfcf;\n\t\t\t}\n\t\t\t#gallery-1 .gallery-caption {\n\t\t\t\tmargin-left: 0;\n\t\t\t}\n\t\t\t\/* see gallery_shortcode() in wp-includes\/media.php *\/\n\t\t<\/style>\n\t\t<div id='gallery-1' class='gallery galleryid-2 gallery-columns-3 gallery-size-thumbnail'><dl class='gallery-item'>\n\t\t\t<dt class='gallery-icon landscape'>\n\t\t\t\t<a href='https:\/\/www.barmichelle.com\/?attachment_id=120'><img width=\"150\" height=\"150\" src=\"https:\/\/www.barmichelle.com\/wp-content\/uploads\/2012\/12\/Obraz023-150x150.jpg\" class=\"attachment-thumbnail size-thumbnail\" alt=\"\" loading=\"lazy\" \/><\/a>\n\t\t\t<\/dt><\/dl><dl class='gallery-item'>\n\t\t\t<dt class='gallery-icon landscape'>\n\t\t\t\t<a href='https:\/\/www.barmichelle.com\/?attachment_id=122'><img width=\"150\" height=\"150\" src=\"https:\/\/www.barmichelle.com\/wp-content\/uploads\/2012\/12\/r\u016fzne-055-150x150.jpg\" class=\"attachment-thumbnail size-thumbnail\" alt=\"\" loading=\"lazy\" \/><\/a>\n\t\t\t<\/dt><\/dl><dl class='gallery-item'>\n\t\t\t<dt class='gallery-icon landscape'>\n\t\t\t\t<a href='https:\/\/www.barmichelle.com\/?attachment_id=123'><img width=\"150\" height=\"150\" src=\"https:\/\/www.barmichelle.com\/wp-content\/uploads\/2012\/12\/r\u016fzne-079-150x150.jpg\" class=\"attachment-thumbnail size-thumbnail\" alt=\"\" loading=\"lazy\" \/><\/a>\n\t\t\t<\/dt><\/dl><br style=\"clear: both\" \/><dl class='gallery-item'>\n\t\t\t<dt class='gallery-icon landscape'>\n\t\t\t\t<a href='https:\/\/www.barmichelle.com\/?attachment_id=126'><img width=\"150\" height=\"150\" src=\"https:\/\/www.barmichelle.com\/wp-content\/uploads\/2012\/12\/r\u016fzne-077-150x150.jpg\" class=\"attachment-thumbnail size-thumbnail\" alt=\"\" loading=\"lazy\" \/><\/a>\n\t\t\t<\/dt><\/dl><dl class='gallery-item'>\n\t\t\t<dt class='gallery-icon landscape'>\n\t\t\t\t<a href='https:\/\/www.barmichelle.com\/?attachment_id=124'><img width=\"150\" height=\"150\" src=\"https:\/\/www.barmichelle.com\/wp-content\/uploads\/2012\/12\/DSC03118-150x150.jpg\" class=\"attachment-thumbnail size-thumbnail\" alt=\"\" loading=\"lazy\" \/><\/a>\n\t\t\t<\/dt><\/dl><dl class='gallery-item'>\n\t\t\t<dt class='gallery-icon portrait'>\n\t\t\t\t<a href='https:\/\/www.barmichelle.com\/?attachment_id=121'><img width=\"150\" height=\"150\" src=\"https:\/\/www.barmichelle.com\/wp-content\/uploads\/2012\/12\/Obraz114-150x150.jpg\" class=\"attachment-thumbnail size-thumbnail\" alt=\"\" loading=\"lazy\" \/><\/a>\n\t\t\t<\/dt><\/dl><br style=\"clear: both\" \/>\n\t\t<\/div>\n<\/p>\n","protected":false},"excerpt":{"rendered":"<p>Krom\u011b bohat\u00e9 nab\u00eddky j\u00eddel a mil\u00e9ho person\u00e1lu nab\u00edz\u00edme i velmi p\u011bkn\u00e9 prost\u0159ed\u00ed s mo\u017enost\u00ed uspo\u0159\u00e1d\u00e1n\u00ed spole\u010densk\u00e9 ud\u00e1losti nebo jenom posezen\u00ed s p\u0159\u00edteli.<\/p>\n","protected":false},"author":1,"featured_media":0,"parent":0,"menu_order":0,"comment_status":"open","ping_status":"open","template":"","meta":[],"_links":{"self":[{"href":"https:\/\/www.barmichelle.com\/index.php?rest_route=\/wp\/v2\/pages\/2"}],"collection":[{"href":"https:\/\/www.barmichelle.com\/index.php?rest_route=\/wp\/v2\/pages"}],"about":[{"href":"https:\/\/www.barmichelle.com\/index.php?rest_route=\/wp\/v2\/types\/page"}],"author":[{"embeddable":true,"href":"https:\/\/www.barmichelle.com\/index.php?rest_route=\/wp\/v2\/users\/1"}],"replies":[{"embeddable":true,"href":"https:\/\/www.barmichelle.com\/index.php?rest_route=%2Fwp%2Fv2%2Fcomments&post=2"}],"version-history":[{"count":30,"href":"https:\/\/www.barmichelle.com\/index.php?rest_route=\/wp\/v2\/pages\/2\/revisions"}],"predecessor-version":[{"id":281,"href":"https:\/\/www.barmichelle.com\/index.php?rest_route=\/wp\/v2\/pages\/2\/revisions\/281"}],"wp:attachment":[{"href":"https:\/\/www.barmichelle.com\/index.php?rest_route=%2Fwp%2Fv2%2Fmedia&parent=2"}],"curies":[{"name":"wp","href":"https:\/\/api.w.org\/{rel}","templated":true}]}}